{"id":2962,"date":"2023-01-17T09:27:31","date_gmt":"2023-01-17T09:27:31","guid":{"rendered":"https:\/\/woodsmoke.com.au\/a-propos-de-falls-creek\/"},"modified":"2025-08-01T04:18:46","modified_gmt":"2025-08-01T04:18:46","slug":"a-propos-de-falls-creek","status":"publish","type":"page","link":"https:\/\/woodsmoke.com.au\/fr\/a-propos-de-falls-creek\/","title":{"rendered":"\u00c0 propos de Falls Creek"},"content":{"rendered":"\t\t<div data-elementor-type=\"wp-page\" data-elementor-id=\"2962\" class=\"elementor elementor-2962 elementor-387\">\n\t\t\t\t\t\t\t\t\t<section class=\"elementor-section elementor-top-section elementor-element elementor-element-4d7dc3a elementor-section-full_width elementor-section-height-default elementor-section-height-default\" data-id=\"4d7dc3a\" data-element_type=\"section\" data-settings=\"{&quot;background_background&quot;:&quot;classic&quot;}\">\n\t\t\t\t\t\t<div class=\"elementor-container elementor-column-gap-default\">\n\t\t\t\t\t<div class=\"elementor-column elementor-col-100 elementor-top-column elementor-element elementor-element-4461a513\" data-id=\"4461a513\" data-element_type=\"column\">\n\t\t\t<div class=\"elementor-widget-wrap elementor-element-populated\">\n\t\t\t\t\t\t\t\t<div class=\"elementor-element elementor-element-34f7da2c elementor-absolute elementor-widget elementor-widget-spacer\" data-id=\"34f7da2c\" data-element_type=\"widget\" data-settings=\"{&quot;_position&quot;:&quot;absolute&quot;}\" data-widget_type=\"spacer.default\">\n\t\t\t\t<div class=\"elementor-widget-container\">\n\t\t\t<style>\/*! elementor - v3.12.1 - 02-04-2023 *\/\n.elementor-column .elementor-spacer-inner{height:var(--spacer-size)}.e-con{--container-widget-width:100%}.e-con-inner>.elementor-widget-spacer,.e-con>.elementor-widget-spacer{width:var(--container-widget-width,var(--spacer-size));--align-self:var(--container-widget-align-self,initial);--flex-shrink:0}.e-con-inner>.elementor-widget-spacer>.elementor-widget-container,.e-con-inner>.elementor-widget-spacer>.elementor-widget-container>.elementor-spacer,.e-con>.elementor-widget-spacer>.elementor-widget-container,.e-con>.elementor-widget-spacer>.elementor-widget-container>.elementor-spacer{height:100%}.e-con-inner>.elementor-widget-spacer>.elementor-widget-container>.elementor-spacer>.elementor-spacer-inner,.e-con>.elementor-widget-spacer>.elementor-widget-container>.elementor-spacer>.elementor-spacer-inner{height:var(--container-widget-height,var(--spacer-size))}<\/style>\t\t<div class=\"elementor-spacer\">\n\t\t\t<div class=\"elementor-spacer-inner\"><\/div>\n\t\t<\/div>\n\t\t\t\t<\/div>\n\t\t\t\t<\/div>\n\t\t\t\t<section class=\"elementor-section elementor-inner-section elementor-element elementor-element-2096782 elementor-section-boxed elementor-section-height-default elementor-section-height-default\" data-id=\"2096782\" data-element_type=\"section\">\n\t\t\t\t\t\t<div class=\"elementor-container elementor-column-gap-default\">\n\t\t\t\t\t<div class=\"elementor-column elementor-col-100 elementor-inner-column elementor-element elementor-element-20d01e44\" data-id=\"20d01e44\" data-element_type=\"column\">\n\t\t\t<div class=\"elementor-widget-wrap elementor-element-populated\">\n\t\t\t\t\t\t\t\t<div class=\"elementor-element elementor-element-6cecfcb5 elementor-widget elementor-widget-heading\" data-id=\"6cecfcb5\" data-element_type=\"widget\" data-widget_type=\"heading.default\">\n\t\t\t\t<div class=\"elementor-widget-container\">\n\t\t\t<style>\/*! elementor - v3.12.1 - 02-04-2023 *\/\n.elementor-heading-title{padding:0;margin:0;line-height:1}.elementor-widget-heading .elementor-heading-title[class*=elementor-size-]>a{color:inherit;font-size:inherit;line-height:inherit}.elementor-widget-heading .elementor-heading-title.elementor-size-small{font-size:15px}.elementor-widget-heading .elementor-heading-title.elementor-size-medium{font-size:19px}.elementor-widget-heading .elementor-heading-title.elementor-size-large{font-size:29px}.elementor-widget-heading .elementor-heading-title.elementor-size-xl{font-size:39px}.elementor-widget-heading .elementor-heading-title.elementor-size-xxl{font-size:59px}<\/style><h1 class=\"elementor-heading-title elementor-size-default\">\u00c0 propos de Falls Creek<\/h1>\t\t<\/div>\n\t\t\t\t<\/div>\n\t\t\t\t<div class=\"elementor-element elementor-element-f6b060c elementor-widget elementor-widget-text-editor\" data-id=\"f6b060c\" data-element_type=\"widget\" data-widget_type=\"text-editor.default\">\n\t\t\t\t<div class=\"elementor-widget-container\">\n\t\t\t<style>\/*! elementor - v3.12.1 - 02-04-2023 *\/\n.elementor-widget-text-editor.elementor-drop-cap-view-stacked .elementor-drop-cap{background-color:#69727d;color:#fff}.elementor-widget-text-editor.elementor-drop-cap-view-framed .elementor-drop-cap{color:#69727d;border:3px solid;background-color:transparent}.elementor-widget-text-editor:not(.elementor-drop-cap-view-default) .elementor-drop-cap{margin-top:8px}.elementor-widget-text-editor:not(.elementor-drop-cap-view-default) .elementor-drop-cap-letter{width:1em;height:1em}.elementor-widget-text-editor .elementor-drop-cap{float:left;text-align:center;line-height:1;font-size:50px}.elementor-widget-text-editor .elementor-drop-cap-letter{display:inline-block}<\/style>\t\t\t\t<p><strong>La seule v\u00e9ritable station de ski d&rsquo;Australie.<\/strong><\/p>\t\t\t\t\t\t<\/div>\n\t\t\t\t<\/div>\n\t\t\t\t\t<\/div>\n\t\t<\/div>\n\t\t\t\t\t\t\t<\/div>\n\t\t<\/section>\n\t\t\t\t<section class=\"elementor-section elementor-inner-section elementor-element elementor-element-9932f68 elementor-section-boxed elementor-section-height-default elementor-section-height-default\" data-id=\"9932f68\" data-element_type=\"section\">\n\t\t\t\t\t\t<div class=\"elementor-container elementor-column-gap-default\">\n\t\t\t\t\t<div class=\"elementor-column elementor-col-50 elementor-inner-column elementor-element elementor-element-5485ea0\" data-id=\"5485ea0\" data-element_type=\"column\">\n\t\t\t<div class=\"elementor-widget-wrap elementor-element-populated\">\n\t\t\t\t\t\t\t\t<div class=\"elementor-element elementor-element-aa7753d elementor-widget elementor-widget-text-editor\" data-id=\"aa7753d\" data-element_type=\"widget\" data-widget_type=\"text-editor.default\">\n\t\t\t\t<div class=\"elementor-widget-container\">\n\t\t\t\t\t\t\tFalls Creek est la meilleure station de ski d&rsquo;Australie et un v\u00e9ritable village alpin skis aux pieds, situ\u00e9 dans le nord-est de l&rsquo;\u00c9tat de Victoria, \u00e0 seulement 4,5 heures de route de Melbourne et 90 minutes d&rsquo;Albury. Situ\u00e9e au c\u0153ur des hautes plaines de l&rsquo;\u00c9tat de Victoria, Falls Creek re\u00e7oit la plus grande quantit\u00e9 de neige de toutes les stations de l&rsquo;\u00c9tat de Victoria, ce qui fait de Falls Creek la station la plus fiable de toutes les stations australiennes. La station de ski de Falls Creek offre une garantie d&rsquo;enneigement. Avec le plus grand domaine skiable \u00e0 explorer, vous trouverez toujours quelque chose et vous n&rsquo;aurez pas \u00e0 vous inqui\u00e9ter d&rsquo;un manque de terrain skiable.\n\nLa station se situe entre 1 210 et 1 830 m\u00e8tres d&rsquo;altitude, avec un point culminant \u00e0 1 780 m\u00e8tres. Il est possible de skier sur le mont McKay, qui culmine \u00e0 1 842 m\u00e8tres.\n\nFalls Creek est un centre de vill\u00e9giature toutes saisons qui propose une vari\u00e9t\u00e9 d&rsquo;activit\u00e9s estivales dans le magnifique parc national. C&rsquo;est une r\u00e9gion tr\u00e8s pris\u00e9e pour le VTT, la randonn\u00e9e et le kayak.\n\nPour plus d&rsquo;informations sur Falls Creek, visitez le site web officiel \u00e0 l&rsquo;adresse suivante <a style=\"color:#fff;\" href=\"http:\/\/www.fallscreek.com.au\/\" target=\"_blank\" rel=\"noopener\">: http:\/\/www.fallscreek.com.au\/<\/a>\t\t\t\t\t\t<\/div>\n\t\t\t\t<\/div>\n\t\t\t\t\t<\/div>\n\t\t<\/div>\n\t\t\t\t<div class=\"elementor-column elementor-col-50 elementor-inner-column elementor-element elementor-element-ad66ae1\" data-id=\"ad66ae1\" data-element_type=\"column\">\n\t\t\t<div class=\"elementor-widget-wrap elementor-element-populated\">\n\t\t\t\t\t\t\t\t<div class=\"elementor-element elementor-element-59cc6bd elementor-widget elementor-widget-text-editor\" data-id=\"59cc6bd\" data-element_type=\"widget\" data-widget_type=\"text-editor.default\">\n\t\t\t\t<div class=\"elementor-widget-container\">\n\t\t\t\t\t\t\t<p><strong>Statistiques sur les chutes rapides<\/strong><\/p><p>Altitude la plus \u00e9lev\u00e9e : 1 842 m\u00e8tres<br>Altitude la plus \u00e9lev\u00e9e : 1 780 m\u00e8tres<br>Altitude du village : 1 600 m\u00e8tres<br>Nombre de remont\u00e9es m\u00e9caniques : 14<\/p><p><strong>En hiver<\/strong><\/p><p>Altitude de la limite de la neige : 1 100 m\u00e8tres<br>Moyenne annuelle des chutes de neige : 4 m\u00e8tres<br>Nombre moyen de jours d&rsquo;ouverture en hiver : 128<\/p><p><strong>Alpin<\/strong><\/p><p>Nombre de courses : 92+<br>Plus longue course pour d\u00e9butants : Wishing Well, 3 km<br>Plus longue course pour d\u00e9butants : Wombats Ramble, 2,2 km<br>M\u00e9lange de terrains : D\u00e9butant 17%, Interm\u00e9diaire 60% &amp; Avanc\u00e9 23%.<\/p><p><strong>Cross country<\/strong><\/p><p>Nombre de sentiers : 21<br>R\u00e9seau de pistes dam\u00e9es : 65 km<br>Piste la plus longue : Boucle du barrage de Rocky Valley, 21 km<br>M\u00e9lange de terrains : D\u00e9butant 33%, Interm\u00e9diaire 48% et Avanc\u00e9 19%.<\/p>\t\t\t\t\t\t<\/div>\n\t\t\t\t<\/div>\n\t\t\t\t\t<\/div>\n\t\t<\/div>\n\t\t\t\t\t\t\t<\/div>\n\t\t<\/section>\n\t\t\t\t<div class=\"elementor-element elementor-element-226b7d3a elementor-absolute elementor-widget elementor-widget-spacer\" data-id=\"226b7d3a\" data-element_type=\"widget\" data-settings=\"{&quot;_position&quot;:&quot;absolute&quot;}\" data-widget_type=\"spacer.default\">\n\t\t\t\t<div class=\"elementor-widget-container\">\n\t\t\t\t\t<div class=\"elementor-spacer\">\n\t\t\t<div class=\"elementor-spacer-inner\"><\/div>\n\t\t<\/div>\n\t\t\t\t<\/div>\n\t\t\t\t<\/div>\n\t\t\t\t\t<\/div>\n\t\t<\/div>\n\t\t\t\t\t\t\t<\/div>\n\t\t<\/section>\n\t\t\t\t\t\t\t<\/div>\n\t\t","protected":false},"excerpt":{"rendered":"<p>\u00c0 propos de Falls Creek La seule v\u00e9ritable station de ski d&rsquo;Australie. Falls Creek est la meilleure station de ski d&rsquo;Australie et un v\u00e9ritable village alpin skis aux pieds, situ\u00e9 dans le nord-est de l&rsquo;\u00c9tat de Victoria, \u00e0 seulement 4,5 heures de route de Melbourne et 90 minutes d&rsquo;Albury. Situ\u00e9e au c\u0153ur des hautes plaines [&hellip;]<\/p>\n","protected":false},"author":1,"featured_media":0,"parent":0,"menu_order":0,"comment_status":"closed","ping_status":"closed","template":"elementor_header_footer","meta":[],"_links":{"self":[{"href":"https:\/\/woodsmoke.com.au\/fr\/wp-json\/wp\/v2\/pages\/2962"}],"collection":[{"href":"https:\/\/woodsmoke.com.au\/fr\/wp-json\/wp\/v2\/pages"}],"about":[{"href":"https:\/\/woodsmoke.com.au\/fr\/wp-json\/wp\/v2\/types\/page"}],"author":[{"embeddable":true,"href":"https:\/\/woodsmoke.com.au\/fr\/wp-json\/wp\/v2\/users\/1"}],"replies":[{"embeddable":true,"href":"https:\/\/woodsmoke.com.au\/fr\/wp-json\/wp\/v2\/comments?post=2962"}],"version-history":[{"count":1,"href":"https:\/\/woodsmoke.com.au\/fr\/wp-json\/wp\/v2\/pages\/2962\/revisions"}],"predecessor-version":[{"id":2964,"href":"https:\/\/woodsmoke.com.au\/fr\/wp-json\/wp\/v2\/pages\/2962\/revisions\/2964"}],"wp:attachment":[{"href":"https:\/\/woodsmoke.com.au\/fr\/wp-json\/wp\/v2\/media?parent=2962"}],"curies":[{"name":"wp","href":"https:\/\/api.w.org\/{rel}","templated":true}]}}