{"id":3021,"date":"2023-01-17T11:32:27","date_gmt":"2023-01-17T11:32:27","guid":{"rendered":"https:\/\/woodsmoke.com.au\/conditions-de-reservation\/"},"modified":"2025-08-01T04:19:03","modified_gmt":"2025-08-01T04:19:03","slug":"conditions-de-reservation","status":"publish","type":"page","link":"https:\/\/woodsmoke.com.au\/fr\/conditions-de-reservation\/","title":{"rendered":"Conditions de r\u00e9servation"},"content":{"rendered":"\t\t<div data-elementor-type=\"wp-page\" data-elementor-id=\"3021\" class=\"elementor elementor-3021 elementor-432\">\n\t\t\t\t\t\t\t\t\t<section class=\"elementor-section elementor-top-section elementor-element elementor-element-7e2526c elementor-section-boxed elementor-section-height-default elementor-section-height-default\" data-id=\"7e2526c\" data-element_type=\"section\">\n\t\t\t\t\t\t<div class=\"elementor-container elementor-column-gap-default\">\n\t\t\t\t\t<div class=\"elementor-column elementor-col-100 elementor-top-column elementor-element elementor-element-f636082\" data-id=\"f636082\" data-element_type=\"column\">\n\t\t\t<div class=\"elementor-widget-wrap\">\n\t\t\t\t\t\t\t\t\t<\/div>\n\t\t<\/div>\n\t\t\t\t\t\t\t<\/div>\n\t\t<\/section>\n\t\t\t\t<section class=\"elementor-section elementor-top-section elementor-element elementor-element-6206c8ba elementor-section-boxed elementor-section-height-default elementor-section-height-default\" data-id=\"6206c8ba\" data-element_type=\"section\" data-settings=\"{&quot;background_background&quot;:&quot;classic&quot;}\">\n\t\t\t\t\t\t<div class=\"elementor-container elementor-column-gap-default\">\n\t\t\t\t\t<div class=\"elementor-column elementor-col-100 elementor-top-column elementor-element elementor-element-1455a2ce\" data-id=\"1455a2ce\" data-element_type=\"column\">\n\t\t\t<div class=\"elementor-widget-wrap elementor-element-populated\">\n\t\t\t\t\t\t\t\t<div class=\"elementor-element elementor-element-23772004 elementor-widget elementor-widget-theme-archive-title elementor-page-title elementor-widget-heading\" data-id=\"23772004\" data-element_type=\"widget\" data-widget_type=\"theme-archive-title.default\">\n\t\t\t\t<div class=\"elementor-widget-container\">\n\t\t\t<style>\/*! elementor - v3.12.1 - 02-04-2023 *\/\n.elementor-heading-title{padding:0;margin:0;line-height:1}.elementor-widget-heading .elementor-heading-title[class*=elementor-size-]>a{color:inherit;font-size:inherit;line-height:inherit}.elementor-widget-heading .elementor-heading-title.elementor-size-small{font-size:15px}.elementor-widget-heading .elementor-heading-title.elementor-size-medium{font-size:19px}.elementor-widget-heading .elementor-heading-title.elementor-size-large{font-size:29px}.elementor-widget-heading .elementor-heading-title.elementor-size-xl{font-size:39px}.elementor-widget-heading .elementor-heading-title.elementor-size-xxl{font-size:59px}<\/style><h1 class=\"elementor-heading-title elementor-size-default\">Blog<\/h1>\t\t<\/div>\n\t\t\t\t<\/div>\n\t\t\t\t\t<\/div>\n\t\t<\/div>\n\t\t\t\t\t\t\t<\/div>\n\t\t<\/section>\n\t\t\t\t<section class=\"elementor-section elementor-top-section elementor-element elementor-element-60bc2e0 elementor-section-boxed elementor-section-height-default elementor-section-height-default\" data-id=\"60bc2e0\" data-element_type=\"section\">\n\t\t\t\t\t\t<div class=\"elementor-container elementor-column-gap-default\">\n\t\t\t\t\t<div class=\"elementor-column elementor-col-100 elementor-top-column elementor-element elementor-element-1507fb41\" data-id=\"1507fb41\" data-element_type=\"column\">\n\t\t\t<div class=\"elementor-widget-wrap elementor-element-populated\">\n\t\t\t\t\t\t\t\t<div class=\"elementor-element elementor-element-add39f4 elementor-widget elementor-widget-text-editor\" data-id=\"add39f4\" data-element_type=\"widget\" data-widget_type=\"text-editor.default\">\n\t\t\t\t<div class=\"elementor-widget-container\">\n\t\t\t<style>\/*! elementor - v3.12.1 - 02-04-2023 *\/\n.elementor-widget-text-editor.elementor-drop-cap-view-stacked .elementor-drop-cap{background-color:#69727d;color:#fff}.elementor-widget-text-editor.elementor-drop-cap-view-framed .elementor-drop-cap{color:#69727d;border:3px solid;background-color:transparent}.elementor-widget-text-editor:not(.elementor-drop-cap-view-default) .elementor-drop-cap{margin-top:8px}.elementor-widget-text-editor:not(.elementor-drop-cap-view-default) .elementor-drop-cap-letter{width:1em;height:1em}.elementor-widget-text-editor .elementor-drop-cap{float:left;text-align:center;line-height:1;font-size:50px}.elementor-widget-text-editor .elementor-drop-cap-letter{display:inline-block}<\/style>\t\t\t\t<p><a href=\"http:\/\/woodsmoke.com.au\/wp-content\/uploads\/2025\/04\/BookingTermsConditionsApril2025.pdf\"><strong>CONDITIONS DE R\u00c9SERVATION Avril 2025<\/strong><\/a><\/p><p><strong>D\u00e9p\u00f4ts\/paiements<\/strong><\/p><p>Lorsque la r\u00e9servation est effectu\u00e9e plus de 30 jours avant l&rsquo;arriv\u00e9e, un acompte de 25 % est exig\u00e9.<\/p><p>Le paiement final est exig\u00e9 30 jours (une semaine d&rsquo;un mois) avant l&rsquo;arriv\u00e9e.<\/p><p>Lorsque la r\u00e9servation est effectu\u00e9e moins de (&lt;) 30 jours avant l&rsquo;arriv\u00e9e, le paiement int\u00e9gral est exig\u00e9.  <\/p><p>Tout dommage survenu pendant votre s\u00e9jour sera d\u00e9bit\u00e9 de la carte de cr\u00e9dit qui nous est fournie \u00e0 titre de garantie \u00e0 l&rsquo;arriv\u00e9e et dont nous prendrons une copie \u00e0 cette fin. Une caution de 500 dollars sera exig\u00e9e.<\/p><p><strong> <\/strong><\/p><p><strong>Paiement<\/strong><\/p><p><strong>Le paiement peut \u00eatre effectu\u00e9 par virement \u00e9lectronique ou par carte de cr\u00e9dit.  <\/strong><\/p><p><strong> <\/strong><\/p><p><strong>EFT \/ Direct Deposit <\/strong>Bank : CBA<br>ACC : TT &amp; VV Ptd Ltd<br>BSB : 063 120<br>Compte # : 102 01992<\/p><p>Carte de cr\u00e9dit <strong>VISA ou Mastercard <\/strong> <\/p><p>Appelez Alpine Woodsmoke au 0407 670 940 avec les d\u00e9tails de votre carte.<\/p><p>Notez qu&rsquo;un suppl\u00e9ment de 2,5 % est appliqu\u00e9 pour les paiements par carte de cr\u00e9dit.  <\/p><p><strong> <\/strong><\/p><p><strong>Politique d&rsquo;annulation<\/strong><\/p><p>Toute annulation doit \u00eatre faite par \u00e9crit (par courriel).<\/p><p>En cas d&rsquo;annulation d&rsquo;une r\u00e9servation plus de six semaines avant la date d&rsquo;arriv\u00e9e, Alpine Woodsmoke remboursera le montant de l&rsquo;acompte re\u00e7u, moins des frais d&rsquo;annulation s&rsquo;\u00e9levant \u00e0 15 % du montant total de la r\u00e9servation. En cas d&rsquo;annulation moins de six semaines avant la date d&rsquo;arriv\u00e9e, tous les acomptes vers\u00e9s seront perdus (moins 15 % de frais d&rsquo;annulation), \u00e0 moins qu&rsquo;une r\u00e9servation de remplacement puisse \u00eatre confirm\u00e9e au m\u00eame tarif et aux m\u00eames dates.<\/p><p><strong> <\/strong><\/p><p><strong> <\/strong><\/p><p><strong>Enregistrement<\/strong><\/p><p>L&rsquo;enregistrement se fait \u00e0 partir de 16 heures.<\/p><p><strong>Sortir<\/strong><\/p><p>L&rsquo;heure de d\u00e9part est strictement fix\u00e9e \u00e0 10 heures.<\/p><p>Veuillez retirer tous vos effets personnels, vider le r\u00e9frig\u00e9rateur, mettre la vaisselle dans le lave-vaisselle et le mettre en marche, et d\u00e9poser les d\u00e9chets dans les poubelles du parking.<\/p><p><strong>Non fumeur<\/strong><\/p><p>Il est interdit de fumer dans les appartements, les cages d&rsquo;escalier, le local \u00e0 skis et les parkings. Si les clients fument dans un appartement, ils sont redevables d&rsquo;un montant minimum de 250 $ pour couvrir le nettoyage \u00e0 la vapeur et la d\u00e9sodorisation de la moquette.<\/p><p><strong>Bruit<\/strong><\/p><p>Pensez \u00e0 vos voisins. Les appartements sont de type familial et, bien que nous souhaitions que vous profitiez de votre s\u00e9jour, nous vous demandons de r\u00e9duire le bruit au minimum.  <\/p><p><strong>Animaux de compagnie<\/strong><\/p><p>Les animaux domestiques ne sont pas autoris\u00e9s \u00e0 Alpine Woodsmoke. Falls Creek se trouve dans le parc national alpin et les animaux domestiques ne sont donc pas autoris\u00e9s sans un permis d\u00e9livr\u00e9 par le Falls Creek Resort Management.<\/p><p><strong>V\u00e9hicules \u00e9lectriques  <\/strong><\/p><p>Les v\u00e9hicules \u00e9lectriques ne sont pas autoris\u00e9s \u00e0 stationner ou \u00e0 se recharger dans le parking couvert.  <\/p><p>Les v\u00e9hicules \u00e9lectriques doivent \u00eatre gar\u00e9s dans le parking de nuit de la station.<\/p><p><strong>Assurance voyage<\/strong><\/p><p>Une assurance voyage est FORTEMENT recommand\u00e9e.<\/p><h2> <\/h2><p><strong>Vie priv\u00e9e  <\/strong><\/p><p>Alpine Woodsmoke ne recueille que les informations personnelles qui sont n\u00e9cessaires ou souhaitables pour la fourniture de nos produits et services d&rsquo;h\u00e9bergement.<\/p><p>Pour maintenir l&rsquo;exactitude de vos informations personnelles, veuillez nous informer de tout changement de nom, d&rsquo;adresse, de titre, de num\u00e9ro de t\u00e9l\u00e9phone ou d&rsquo;adresse \u00e9lectronique. Si, \u00e0 tout moment, vous souhaitez mettre \u00e0 jour vos informations, ou si vous pr\u00e9f\u00e9rez ne plus recevoir de communications de la part d&rsquo;Alpine Woodsmoke, veuillez nous contacter \u00e0 l&rsquo;<a href=\"mailto:bookings@woodsmoke.com.au\">adresse suivante : bookings@woodsmoke.com.au<\/a>.<\/p>\t\t\t\t\t\t<\/div>\n\t\t\t\t<\/div>\n\t\t\t\t\t<\/div>\n\t\t<\/div>\n\t\t\t\t\t\t\t<\/div>\n\t\t<\/section>\n\t\t\t\t\t\t\t<\/div>\n\t\t","protected":false},"excerpt":{"rendered":"<p>CONDITIONS DE R\u00c9SERVATION Avril 2025 D\u00e9p\u00f4ts\/paiements Lorsque la r\u00e9servation est effectu\u00e9e plus de 30 jours avant l&rsquo;arriv\u00e9e, un acompte de 25 % est exig\u00e9. Le paiement final est exig\u00e9 30 jours (une semaine d&rsquo;un mois) avant l&rsquo;arriv\u00e9e. Lorsque la r\u00e9servation est effectu\u00e9e moins de (&lt;) 30 jours avant l&rsquo;arriv\u00e9e, le paiement int\u00e9gral est exig\u00e9. Tout [&hellip;]<\/p>\n","protected":false},"author":1,"featured_media":0,"parent":0,"menu_order":0,"comment_status":"closed","ping_status":"closed","template":"elementor_header_footer","meta":[],"_links":{"self":[{"href":"https:\/\/woodsmoke.com.au\/fr\/wp-json\/wp\/v2\/pages\/3021"}],"collection":[{"href":"https:\/\/woodsmoke.com.au\/fr\/wp-json\/wp\/v2\/pages"}],"about":[{"href":"https:\/\/woodsmoke.com.au\/fr\/wp-json\/wp\/v2\/types\/page"}],"author":[{"embeddable":true,"href":"https:\/\/woodsmoke.com.au\/fr\/wp-json\/wp\/v2\/users\/1"}],"replies":[{"embeddable":true,"href":"https:\/\/woodsmoke.com.au\/fr\/wp-json\/wp\/v2\/comments?post=3021"}],"version-history":[{"count":1,"href":"https:\/\/woodsmoke.com.au\/fr\/wp-json\/wp\/v2\/pages\/3021\/revisions"}],"predecessor-version":[{"id":3023,"href":"https:\/\/woodsmoke.com.au\/fr\/wp-json\/wp\/v2\/pages\/3021\/revisions\/3023"}],"wp:attachment":[{"href":"https:\/\/woodsmoke.com.au\/fr\/wp-json\/wp\/v2\/media?parent=3021"}],"curies":[{"name":"wp","href":"https:\/\/api.w.org\/{rel}","templated":true}]}}